{"id":6653,"date":"2023-12-07T10:25:53","date_gmt":"2023-12-07T10:25:53","guid":{"rendered":"https:\/\/lifgros.is\/?post_type=product&#038;p=6653"},"modified":"2024-11-03T12:41:07","modified_gmt":"2024-11-03T12:41:07","slug":"namskeid-harolia","status":"publish","type":"product","link":"https:\/\/lifgros.is\/gjofsemgefur\/product\/namskeid-harolia\/","title":{"rendered":"H\u00e1rol\u00eda x 20"},"content":{"rendered":"","protected":false},"excerpt":{"rendered":"<p><strong>Gef\u00f0u h\u00e1rol\u00edu! <\/strong>\u00deessi gj\u00f6f gefur 20 konum \u00ed fl\u00f3ttamannab\u00fa\u00f0um fl\u00f6skur af h\u00e1rol\u00edu og n\u00e1mskei\u00f0 til a\u00f0 l\u00e6ra a\u00f0 b\u00faa hana til.<\/p>\n<p><span class=\"OYPEnA text-decoration-none text-strikethrough-none\">Konurnar hafa litla sem enga m\u00f6guleika \u00e1 a\u00f0 skapa s\u00e9r tekjur en eftir n\u00e1mskei\u00f0i\u00f0 geta \u00fe\u00e6r selt v\u00f6rur \u00far l\u00e6kningajurtum.<\/span><\/p>\n<p class=\"cvGsUA direction-ltr align-center para-style-body\"><span class=\"OYPEnA text-decoration-none text-strikethrough-none\">Hjartans \u00feakkir fyrir a\u00f0 efla konur \u00ed fl\u00f3ttamannab\u00fa\u00f0um!<\/span><\/p>\n<p><span style=\"color: #9a3695;\">Vi\u00f0 kaup \u00e1 gjafabr\u00e9fi f\u00e6r\u00f0u sendan t\u00f6lvup\u00f3st me\u00f0 sl\u00f3\u00f0 til a\u00f0 hla\u00f0a \u00fea\u00f0 ni\u00f0ur og prenta \u00fat.\u00a0<\/span><\/p>\n<p lang=\"is\" style=\"margin: 0in; font-family: Calibri; font-size: 11.0pt;\">\n","protected":false},"featured_media":6878,"comment_status":"open","ping_status":"closed","template":"","meta":[],"product_brand":[],"product_cat":[58],"product_tag":[],"class_list":{"0":"post-6653","1":"product","2":"type-product","3":"status-publish","4":"has-post-thumbnail","6":"product_cat-gjafabref","8":"first","9":"instock","10":"downloadable","11":"virtual","12":"purchasable","13":"product-type-simple"},"yoast_head":"<!-- This site is optimized with the Yoast SEO plugin v26.6 - https:\/\/yoast.com\/wordpress\/plugins\/seo\/ -->\n<title>H\u00e1rol\u00eda x 20 - L\u00edfgr\u00f6s<\/title>\n<meta name=\"robots\" content=\"index, follow, max-snippet:-1, max-image-preview:large, max-video-preview:-1\" \/>\n<link rel=\"canonical\" href=\"https:\/\/lifgros.is\/gjofsemgefur\/product\/namskeid-harolia\/\" \/>\n<meta property=\"og:locale\" content=\"is_IS\" \/>\n<meta property=\"og:type\" content=\"article\" \/>\n<meta property=\"og:title\" content=\"H\u00e1rol\u00eda x 20 - L\u00edfgr\u00f6s\" \/>\n<meta property=\"og:description\" content=\"Gef\u00f0u h\u00e1rol\u00edu! \u00deessi gj\u00f6f gefur 20 konum \u00ed fl\u00f3ttamannab\u00fa\u00f0um fl\u00f6skur af h\u00e1rol\u00edu og n\u00e1mskei\u00f0 til a\u00f0 l\u00e6ra a\u00f0 b\u00faa hana til.  Konurnar hafa litla sem enga m\u00f6guleika \u00e1 a\u00f0 skapa s\u00e9r tekjur en eftir n\u00e1mskei\u00f0i\u00f0 geta \u00fe\u00e6r selt v\u00f6rur \u00far l\u00e6kningajurtum. Hjartans \u00feakkir fyrir a\u00f0 efla konur \u00ed fl\u00f3ttamannab\u00fa\u00f0um! Vi\u00f0 kaup \u00e1 gjafabr\u00e9fi f\u00e6r\u00f0u sendan t\u00f6lvup\u00f3st me\u00f0 sl\u00f3\u00f0 til a\u00f0 hla\u00f0a \u00fea\u00f0 ni\u00f0ur og prenta \u00fat.\u00a0\" \/>\n<meta property=\"og:url\" content=\"https:\/\/lifgros.is\/gjofsemgefur\/product\/namskeid-harolia\/\" \/>\n<meta property=\"og:site_name\" content=\"L\u00edfgr\u00f6s\" \/>\n<meta property=\"article:modified_time\" content=\"2024-11-03T12:41:07+00:00\" \/>\n<meta property=\"og:image\" content=\"https:\/\/lifgros.is\/gjofsemgefur\/wp-content\/uploads\/2023\/12\/20240703_102056-1200x-cp.jpg\" \/>\n\t<meta property=\"og:image:width\" content=\"1200\" \/>\n\t<meta property=\"og:image:height\" content=\"1200\" \/>\n\t<meta property=\"og:image:type\" content=\"image\/jpeg\" \/>\n<meta name=\"twitter:card\" content=\"summary_large_image\" \/>\n<meta name=\"twitter:label1\" content=\"Est. reading time\" \/>\n\t<meta name=\"twitter:data1\" content=\"1 minute\" \/>\n<script type=\"application\/ld+json\" class=\"yoast-schema-graph\">{\"@context\":\"https:\/\/schema.org\",\"@graph\":[{\"@type\":\"WebPage\",\"@id\":\"https:\/\/lifgros.is\/gjofsemgefur\/product\/namskeid-harolia\/\",\"url\":\"https:\/\/lifgros.is\/gjofsemgefur\/product\/namskeid-harolia\/\",\"name\":\"H\u00e1rol\u00eda x 20 - L\u00edfgr\u00f6s\",\"isPartOf\":{\"@id\":\"https:\/\/lifgros.is\/gjofsemgefur\/#website\"},\"primaryImageOfPage\":{\"@id\":\"https:\/\/lifgros.is\/gjofsemgefur\/product\/namskeid-harolia\/#primaryimage\"},\"image\":{\"@id\":\"https:\/\/lifgros.is\/gjofsemgefur\/product\/namskeid-harolia\/#primaryimage\"},\"thumbnailUrl\":\"https:\/\/lifgros.is\/gjofsemgefur\/wp-content\/uploads\/2023\/12\/20240703_102056-1200x-cp.jpg\",\"datePublished\":\"2023-12-07T10:25:53+00:00\",\"dateModified\":\"2024-11-03T12:41:07+00:00\",\"breadcrumb\":{\"@id\":\"https:\/\/lifgros.is\/gjofsemgefur\/product\/namskeid-harolia\/#breadcrumb\"},\"inLanguage\":\"is\",\"potentialAction\":[{\"@type\":\"ReadAction\",\"target\":[\"https:\/\/lifgros.is\/gjofsemgefur\/product\/namskeid-harolia\/\"]}]},{\"@type\":\"ImageObject\",\"inLanguage\":\"is\",\"@id\":\"https:\/\/lifgros.is\/gjofsemgefur\/product\/namskeid-harolia\/#primaryimage\",\"url\":\"https:\/\/lifgros.is\/gjofsemgefur\/wp-content\/uploads\/2023\/12\/20240703_102056-1200x-cp.jpg\",\"contentUrl\":\"https:\/\/lifgros.is\/gjofsemgefur\/wp-content\/uploads\/2023\/12\/20240703_102056-1200x-cp.jpg\",\"width\":1200,\"height\":1200},{\"@type\":\"BreadcrumbList\",\"@id\":\"https:\/\/lifgros.is\/gjofsemgefur\/product\/namskeid-harolia\/#breadcrumb\",\"itemListElement\":[{\"@type\":\"ListItem\",\"position\":1,\"name\":\"Home\",\"item\":\"https:\/\/lifgros.is\/gjofsemgefur\/\"},{\"@type\":\"ListItem\",\"position\":2,\"name\":\"Shop\",\"item\":\"https:\/\/lifgros.is\/gjofsemgefur\/shop\/\"},{\"@type\":\"ListItem\",\"position\":3,\"name\":\"H\u00e1rol\u00eda x 20\"}]},{\"@type\":\"WebSite\",\"@id\":\"https:\/\/lifgros.is\/gjofsemgefur\/#website\",\"url\":\"https:\/\/lifgros.is\/gjofsemgefur\/\",\"name\":\"L\u00edfgr\u00f6s\",\"description\":\"eflir konur \u00ed fl\u00f3ttamannab\u00fa\u00f0um\",\"publisher\":{\"@id\":\"https:\/\/lifgros.is\/gjofsemgefur\/#organization\"},\"potentialAction\":[{\"@type\":\"SearchAction\",\"target\":{\"@type\":\"EntryPoint\",\"urlTemplate\":\"https:\/\/lifgros.is\/gjofsemgefur\/?s={search_term_string}\"},\"query-input\":{\"@type\":\"PropertyValueSpecification\",\"valueRequired\":true,\"valueName\":\"search_term_string\"}}],\"inLanguage\":\"is\"},{\"@type\":\"Organization\",\"@id\":\"https:\/\/lifgros.is\/gjofsemgefur\/#organization\",\"name\":\"L\u00edfgr\u00f6s\",\"url\":\"https:\/\/lifgros.is\/gjofsemgefur\/\",\"logo\":{\"@type\":\"ImageObject\",\"inLanguage\":\"is\",\"@id\":\"https:\/\/lifgros.is\/gjofsemgefur\/#\/schema\/logo\/image\/\",\"url\":\"https:\/\/gjofsemgefur.lifgros.is\/wp-content\/uploads\/2016\/01\/IMG_5224-2-cp.jpeg\",\"contentUrl\":\"https:\/\/gjofsemgefur.lifgros.is\/wp-content\/uploads\/2016\/01\/IMG_5224-2-cp.jpeg\",\"width\":900,\"height\":600,\"caption\":\"L\u00edfgr\u00f6s\"},\"image\":{\"@id\":\"https:\/\/lifgros.is\/gjofsemgefur\/#\/schema\/logo\/image\/\"}}]}<\/script>\n<!-- \/ Yoast SEO plugin. -->","yoast_head_json":{"title":"H\u00e1rol\u00eda x 20 - L\u00edfgr\u00f6s","robots":{"index":"index","follow":"follow","max-snippet":"max-snippet:-1","max-image-preview":"max-image-preview:large","max-video-preview":"max-video-preview:-1"},"canonical":"https:\/\/lifgros.is\/gjofsemgefur\/product\/namskeid-harolia\/","og_locale":"is_IS","og_type":"article","og_title":"H\u00e1rol\u00eda x 20 - L\u00edfgr\u00f6s","og_description":"Gef\u00f0u h\u00e1rol\u00edu! \u00deessi gj\u00f6f gefur 20 konum \u00ed fl\u00f3ttamannab\u00fa\u00f0um fl\u00f6skur af h\u00e1rol\u00edu og n\u00e1mskei\u00f0 til a\u00f0 l\u00e6ra a\u00f0 b\u00faa hana til.  Konurnar hafa litla sem enga m\u00f6guleika \u00e1 a\u00f0 skapa s\u00e9r tekjur en eftir n\u00e1mskei\u00f0i\u00f0 geta \u00fe\u00e6r selt v\u00f6rur \u00far l\u00e6kningajurtum. Hjartans \u00feakkir fyrir a\u00f0 efla konur \u00ed fl\u00f3ttamannab\u00fa\u00f0um! Vi\u00f0 kaup \u00e1 gjafabr\u00e9fi f\u00e6r\u00f0u sendan t\u00f6lvup\u00f3st me\u00f0 sl\u00f3\u00f0 til a\u00f0 hla\u00f0a \u00fea\u00f0 ni\u00f0ur og prenta \u00fat.\u00a0","og_url":"https:\/\/lifgros.is\/gjofsemgefur\/product\/namskeid-harolia\/","og_site_name":"L\u00edfgr\u00f6s","article_modified_time":"2024-11-03T12:41:07+00:00","og_image":[{"width":1200,"height":1200,"url":"https:\/\/lifgros.is\/gjofsemgefur\/wp-content\/uploads\/2023\/12\/20240703_102056-1200x-cp.jpg","type":"image\/jpeg"}],"twitter_card":"summary_large_image","twitter_misc":{"Est. reading time":"1 minute"},"schema":{"@context":"https:\/\/schema.org","@graph":[{"@type":"WebPage","@id":"https:\/\/lifgros.is\/gjofsemgefur\/product\/namskeid-harolia\/","url":"https:\/\/lifgros.is\/gjofsemgefur\/product\/namskeid-harolia\/","name":"H\u00e1rol\u00eda x 20 - L\u00edfgr\u00f6s","isPartOf":{"@id":"https:\/\/lifgros.is\/gjofsemgefur\/#website"},"primaryImageOfPage":{"@id":"https:\/\/lifgros.is\/gjofsemgefur\/product\/namskeid-harolia\/#primaryimage"},"image":{"@id":"https:\/\/lifgros.is\/gjofsemgefur\/product\/namskeid-harolia\/#primaryimage"},"thumbnailUrl":"https:\/\/lifgros.is\/gjofsemgefur\/wp-content\/uploads\/2023\/12\/20240703_102056-1200x-cp.jpg","datePublished":"2023-12-07T10:25:53+00:00","dateModified":"2024-11-03T12:41:07+00:00","breadcrumb":{"@id":"https:\/\/lifgros.is\/gjofsemgefur\/product\/namskeid-harolia\/#breadcrumb"},"inLanguage":"is","potentialAction":[{"@type":"ReadAction","target":["https:\/\/lifgros.is\/gjofsemgefur\/product\/namskeid-harolia\/"]}]},{"@type":"ImageObject","inLanguage":"is","@id":"https:\/\/lifgros.is\/gjofsemgefur\/product\/namskeid-harolia\/#primaryimage","url":"https:\/\/lifgros.is\/gjofsemgefur\/wp-content\/uploads\/2023\/12\/20240703_102056-1200x-cp.jpg","contentUrl":"https:\/\/lifgros.is\/gjofsemgefur\/wp-content\/uploads\/2023\/12\/20240703_102056-1200x-cp.jpg","width":1200,"height":1200},{"@type":"BreadcrumbList","@id":"https:\/\/lifgros.is\/gjofsemgefur\/product\/namskeid-harolia\/#breadcrumb","itemListElement":[{"@type":"ListItem","position":1,"name":"Home","item":"https:\/\/lifgros.is\/gjofsemgefur\/"},{"@type":"ListItem","position":2,"name":"Shop","item":"https:\/\/lifgros.is\/gjofsemgefur\/shop\/"},{"@type":"ListItem","position":3,"name":"H\u00e1rol\u00eda x 20"}]},{"@type":"WebSite","@id":"https:\/\/lifgros.is\/gjofsemgefur\/#website","url":"https:\/\/lifgros.is\/gjofsemgefur\/","name":"L\u00edfgr\u00f6s","description":"eflir konur \u00ed fl\u00f3ttamannab\u00fa\u00f0um","publisher":{"@id":"https:\/\/lifgros.is\/gjofsemgefur\/#organization"},"potentialAction":[{"@type":"SearchAction","target":{"@type":"EntryPoint","urlTemplate":"https:\/\/lifgros.is\/gjofsemgefur\/?s={search_term_string}"},"query-input":{"@type":"PropertyValueSpecification","valueRequired":true,"valueName":"search_term_string"}}],"inLanguage":"is"},{"@type":"Organization","@id":"https:\/\/lifgros.is\/gjofsemgefur\/#organization","name":"L\u00edfgr\u00f6s","url":"https:\/\/lifgros.is\/gjofsemgefur\/","logo":{"@type":"ImageObject","inLanguage":"is","@id":"https:\/\/lifgros.is\/gjofsemgefur\/#\/schema\/logo\/image\/","url":"https:\/\/gjofsemgefur.lifgros.is\/wp-content\/uploads\/2016\/01\/IMG_5224-2-cp.jpeg","contentUrl":"https:\/\/gjofsemgefur.lifgros.is\/wp-content\/uploads\/2016\/01\/IMG_5224-2-cp.jpeg","width":900,"height":600,"caption":"L\u00edfgr\u00f6s"},"image":{"@id":"https:\/\/lifgros.is\/gjofsemgefur\/#\/schema\/logo\/image\/"}}]}},"_links":{"self":[{"href":"https:\/\/lifgros.is\/gjofsemgefur\/wp-json\/wp\/v2\/product\/6653","targetHints":{"allow":["GET"]}}],"collection":[{"href":"https:\/\/lifgros.is\/gjofsemgefur\/wp-json\/wp\/v2\/product"}],"about":[{"href":"https:\/\/lifgros.is\/gjofsemgefur\/wp-json\/wp\/v2\/types\/product"}],"replies":[{"embeddable":true,"href":"https:\/\/lifgros.is\/gjofsemgefur\/wp-json\/wp\/v2\/comments?post=6653"}],"wp:featuredmedia":[{"embeddable":true,"href":"https:\/\/lifgros.is\/gjofsemgefur\/wp-json\/wp\/v2\/media\/6878"}],"wp:attachment":[{"href":"https:\/\/lifgros.is\/gjofsemgefur\/wp-json\/wp\/v2\/media?parent=6653"}],"wp:term":[{"taxonomy":"product_brand","embeddable":true,"href":"https:\/\/lifgros.is\/gjofsemgefur\/wp-json\/wp\/v2\/product_brand?post=6653"},{"taxonomy":"product_cat","embeddable":true,"href":"https:\/\/lifgros.is\/gjofsemgefur\/wp-json\/wp\/v2\/product_cat?post=6653"},{"taxonomy":"product_tag","embeddable":true,"href":"https:\/\/lifgros.is\/gjofsemgefur\/wp-json\/wp\/v2\/product_tag?post=6653"}],"curies":[{"name":"wp","href":"https:\/\/api.w.org\/{rel}","templated":true}]}}